{"id":258,"date":"2026-01-27T14:21:02","date_gmt":"2026-01-27T13:21:02","guid":{"rendered":"http:\/\/hafanor-electricite.fr\/?page_id=258"},"modified":"2026-02-23T12:11:30","modified_gmt":"2026-02-23T11:11:30","slug":"accueil","status":"publish","type":"page","link":"https:\/\/hafanor-electricite.fr\/","title":{"rendered":"Page d&rsquo;accueil"},"content":{"rendered":"\n<main class=\"wp-block-group is-layout-flow wp-container-core-group-is-layout-bb62f62d wp-block-group-is-layout-flow\" style=\"margin-top:0\">\n<div class=\"wp-block-cover is-light\"><img fetchpriority=\"high\" decoding=\"async\" width=\"1023\" height=\"661\" class=\"wp-block-cover__image-background wp-image-125\" alt=\"\" src=\"https:\/\/karimhafa.wordpress.com\/wp-content\/uploads\/2025\/05\/capture-decran-2025-05-16-095915.jpg?w=1023\" style=\"object-position:50% 16%\" data-object-fit=\"cover\" data-object-position=\"50% 16%\" srcset=\"https:\/\/hafanor-electricite.fr\/wp-content\/uploads\/2025\/05\/capture-decran-2025-05-16-095915.jpg 1023w, https:\/\/hafanor-electricite.fr\/wp-content\/uploads\/2025\/05\/capture-decran-2025-05-16-095915-300x194.jpg 300w, https:\/\/hafanor-electricite.fr\/wp-content\/uploads\/2025\/05\/capture-decran-2025-05-16-095915-768x496.jpg 768w\" sizes=\"(max-width: 1023px) 100vw, 1023px\" \/><span aria-hidden=\"true\" class=\"wp-block-cover__background has-black-background-color has-background-dim-30 has-background-dim\"><\/span><div class=\"wp-block-cover__inner-container is-layout-flow wp-block-cover-is-layout-flow\">\n<figure class=\"wp-block-image aligncenter size-large is-resized has-custom-border is-style-default wp-duotone-rgb255255255-rgb255255255-1\" style=\"margin-top:0;margin-bottom:0\"><img decoding=\"async\" src=\"https:\/\/karimhafa.wordpress.com\/wp-content\/uploads\/2025\/10\/hafanor-01-01.png?w=1024\" alt=\"\" class=\"wp-image-222\" style=\"border-style:none;border-width:0px;border-radius:0px;width:351px;height:auto\"\/><\/figure>\n<\/div><\/div>\n\n\n\n<div class=\"wp-block-group alignfull has-global-padding is-layout-constrained wp-container-core-group-is-layout-82dbc9b9 wp-block-group-is-layout-constrained\" style=\"margin-top:0;margin-bottom:0;padding-top:var(--wp--preset--spacing--50);padding-right:var(--wp--preset--spacing--50);padding-bottom:var(--wp--preset--spacing--50);padding-left:var(--wp--preset--spacing--50)\">\n<div class=\"wp-block-group has-global-padding is-layout-constrained wp-container-core-group-is-layout-650790e1 wp-block-group-is-layout-constrained\">\n<h1 class=\"wp-block-heading has-text-align-center is-style-default has-body-font-family has-x-large-font-size\">Electricien dans le Bessin : optez pour l\u2019entreprise HAFANOR<\/h1>\n\n\n\n<div style=\"height:1.25rem\" aria-hidden=\"true\" class=\"wp-block-spacer\"><\/div>\n\n\n\n<p class=\"has-text-align-center has-body-font-family\">HAFANOR Electricit\u00e9 intervient pour tous vos travaux \u00e9lectriques sur Bayeux et sa r\u00e9gion.<\/p>\n\n\n\n<div style=\"height:1.25rem\" aria-hidden=\"true\" class=\"wp-block-spacer\"><\/div>\n\n\n\n<div class=\"wp-block-buttons is-content-justification-center is-layout-flex wp-container-core-buttons-is-layout-a89b3969 wp-block-buttons-is-layout-flex\">\n<div class=\"wp-block-button has-custom-width wp-block-button__width-50 is-style-fill\"><a class=\"wp-block-button__link has-medium-font-size has-custom-font-size wp-element-button\" href=\"#Devis\" style=\"border-width:18px;border-radius:12px;padding-top:0;padding-bottom:0\">Demande de devis<\/a><\/div>\n\n\n\n<div class=\"wp-block-button has-custom-width wp-block-button__width-50 is-style-fill\"><a class=\"wp-block-button__link has-base-2-color has-text-color has-link-color has-medium-font-size has-custom-font-size wp-element-button\" style=\"border-width:18px;border-radius:12px;padding-top:0;padding-bottom:0\">06 00 00 00 00<\/a><\/div>\n<\/div>\n<\/div>\n\n\n\n<div style=\"height:var(--wp--preset--spacing--30)\" aria-hidden=\"true\" class=\"wp-block-spacer\"><\/div>\n\n\n\n<div class=\"wp-block-cover alignfull is-light\" style=\"border-style:none;border-width:0px;border-radius:0px;margin-top:0;margin-bottom:0;min-height:289px;aspect-ratio:unset;\"><img decoding=\"async\" width=\"1094\" height=\"699\" class=\"wp-block-cover__image-background wp-image-126 size-full\" alt=\"\" src=\"https:\/\/karimhafa.wordpress.com\/wp-content\/uploads\/2025\/05\/capture-decran-2025-05-16-100333.jpg\" style=\"object-position:51% 25%\" data-object-fit=\"cover\" data-object-position=\"51% 25%\" srcset=\"https:\/\/hafanor-electricite.fr\/wp-content\/uploads\/2025\/05\/capture-decran-2025-05-16-100333.jpg 1094w, https:\/\/hafanor-electricite.fr\/wp-content\/uploads\/2025\/05\/capture-decran-2025-05-16-100333-300x192.jpg 300w, https:\/\/hafanor-electricite.fr\/wp-content\/uploads\/2025\/05\/capture-decran-2025-05-16-100333-1024x654.jpg 1024w, https:\/\/hafanor-electricite.fr\/wp-content\/uploads\/2025\/05\/capture-decran-2025-05-16-100333-768x491.jpg 768w\" sizes=\"(max-width: 1094px) 100vw, 1094px\" \/><span aria-hidden=\"true\" class=\"wp-block-cover__background has-background-dim-20 has-background-dim\"><\/span><div class=\"wp-block-cover__inner-container has-global-padding is-layout-constrained wp-container-core-cover-is-layout-075892e9 wp-block-cover-is-layout-constrained\">\n<p class=\"has-text-align-center has-large-font-size\"><\/p>\n\n\n\n<p><\/p>\n<\/div><\/div>\n<\/div>\n\n\n\n<div class=\"wp-block-group alignfull has-base-2-background-color has-background has-global-padding is-layout-constrained wp-container-core-group-is-layout-669513ed wp-block-group-is-layout-constrained\" style=\"margin-top:0;margin-bottom:0;padding-top:var(--wp--preset--spacing--50);padding-right:var(--wp--preset--spacing--50);padding-bottom:var(--wp--preset--spacing--50);padding-left:var(--wp--preset--spacing--50)\">\n<div class=\"wp-block-group is-vertical is-content-justification-center is-layout-flex wp-container-core-group-is-layout-52b864f0 wp-block-group-is-layout-flex\">\n<h2 class=\"wp-block-heading has-text-align-center is-style-default has-body-font-family\">Une entreprise d\u2019\u00e9lectriciens professionnels \u00e0 votre service<\/h2>\n\n\n\n<div style=\"height:0px\" aria-hidden=\"true\" class=\"wp-block-spacer wp-container-content-4f2ccadb\"><\/div>\n\n\n\n<p class=\"has-text-align-center has-inter-font-family has-body-font-family\">Besoin d\u2019une nouvelle&nbsp;<strong>installation \u00e9lectrique<\/strong>, d\u2019un raccordement, d\u2019une mise en conformit\u00e9 ou d\u2019un d\u00e9pannage \u00e0 domicile ?<\/p>\n<\/div>\n\n\n\n<div style=\"margin-top:0;margin-bottom:0;height:var(--wp--preset--spacing--40)\" aria-hidden=\"true\" class=\"wp-block-spacer\"><\/div>\n\n\n\n<div class=\"wp-block-columns alignwide is-layout-flex wp-container-core-columns-is-layout-d0bbbce0 wp-block-columns-is-layout-flex\">\n<div class=\"wp-block-column is-layout-flow wp-container-core-column-is-layout-e3d1c41b wp-block-column-is-layout-flow\">\n<h3 class=\"wp-block-heading has-text-align-left is-style-default has-body-font-family has-medium-font-size\" style=\"font-style:normal;font-weight:600\">D\u00e9pannage<\/h3>\n\n\n\n<p class=\"has-text-align-left has-small-font-size\">HAFANOR \u00c9lectricit\u00e9 intervient rapidement pour tout <strong>d\u00e9pannage \u00e9lectrique<\/strong>, recherche de panne, court-circuit ou coupure de courant.<br>Un service r\u00e9actif et professionnel pour r\u00e9tablir votre installation en toute s\u00e9curit\u00e9.<br><\/p>\n<\/div>\n\n\n\n<div class=\"wp-block-column is-layout-flow wp-container-core-column-is-layout-e3d1c41b wp-block-column-is-layout-flow\">\n<h3 class=\"wp-block-heading has-text-align-left is-style-default has-body-font-family has-medium-font-size\" style=\"font-style:normal;font-weight:600\">Mise en conformit\u00e9 installation et s\u00e9curit\u00e9 \u00e9lectrique<\/h3>\n\n\n\n<p class=\"has-text-align-left has-small-font-size\">Assurez la <strong>s\u00e9curit\u00e9 de votre logement ou local professionnel<\/strong> avec HAFANOR \u00c9lectricit\u00e9.<br>Nous r\u00e9alisons la <strong>mise en conformit\u00e9<\/strong> de votre installation selon les <strong>normes en vigueur (NF C 15-100)<\/strong>, pour garantir fiabilit\u00e9 et tranquillit\u00e9 d\u2019esprit.<\/p>\n<\/div>\n\n\n\n<div class=\"wp-block-column is-layout-flow wp-container-core-column-is-layout-e3d1c41b wp-block-column-is-layout-flow\">\n<h3 class=\"wp-block-heading has-text-align-left is-style-default has-body-font-family has-medium-font-size\" style=\"font-style:normal;font-weight:600\">R\u00e9novation d\u2019installation \u00e9lectrique \u00e0 Bayeux<\/h3>\n\n\n\n<p class=\"has-text-align-left has-small-font-size\">Modernisez votre installation avec HAFANOR \u00c9lectricit\u00e9.<br>Nous prenons en charge la <strong>r\u00e9novation compl\u00e8te de votre r\u00e9seau \u00e9lectrique<\/strong>, du tableau de r\u00e9partition \u00e0 l\u2019\u00e9clairage, pour plus de confort, d\u2019efficacit\u00e9 et de s\u00e9curit\u00e9.<\/p>\n<\/div>\n<\/div>\n\n\n\n<div style=\"height:var(--wp--preset--spacing--20)\" aria-hidden=\"true\" class=\"wp-block-spacer\"><\/div>\n\n\n\n<div class=\"wp-block-columns alignwide is-layout-flex wp-container-core-columns-is-layout-d0bbbce0 wp-block-columns-is-layout-flex\">\n<div class=\"wp-block-column is-layout-flow wp-container-core-column-is-layout-e3d1c41b wp-block-column-is-layout-flow\">\n<h3 class=\"wp-block-heading has-text-align-left is-style-default has-body-font-family has-medium-font-size\" style=\"font-style:normal;font-weight:600\">Chauffage \u00e9lectrique<\/h3>\n\n\n\n<p class=\"has-text-align-left has-small-font-size\">HAFANOR \u00c9lectricit\u00e9 vous accompagne du choix du syst\u00e8me de chauffage \u00e9lectrique \u00e9conomique \u00e0 la pose de radiateur \u00e9lectrique.<\/p>\n<\/div>\n\n\n\n<div class=\"wp-block-column is-layout-flow wp-container-core-column-is-layout-e3d1c41b wp-block-column-is-layout-flow\">\n<h3 class=\"wp-block-heading has-text-align-left is-style-default has-body-font-family has-medium-font-size\" style=\"font-style:normal;font-weight:600\">Antenne et parabole<\/h3>\n\n\n\n<p class=\"has-text-align-left has-small-font-size\">Pour une r\u00e9ception TV optimale, HAFANOR \u00c9lectricit\u00e9 assure la <strong>pose, le r\u00e9glage et la maintenance d\u2019antennes et de paraboles<\/strong>.<br>Nous vous garantissons une installation stable et un signal de qualit\u00e9.<\/p>\n<\/div>\n\n\n\n<div class=\"wp-block-column is-layout-flow wp-container-core-column-is-layout-e3d1c41b wp-block-column-is-layout-flow\">\n<h3 class=\"wp-block-heading has-text-align-left is-style-default has-body-font-family has-medium-font-size\" style=\"font-style:normal;font-weight:600\">Maintenance<\/h3>\n\n\n\n<p class=\"has-text-align-left has-small-font-size\">Confiez la <strong>maintenance de vos installations \u00e9lectriques<\/strong> \u00e0 HAFANOR \u00c9lectricit\u00e9.<br>Nous assurons un <strong>suivi r\u00e9gulier et pr\u00e9ventif<\/strong> pour prolonger la dur\u00e9e de vie de vos \u00e9quipements et \u00e9viter toute panne.<\/p>\n<\/div>\n<\/div>\n<\/div>\n\n\n\n<div class=\"wp-block-group alignfull has-global-padding is-layout-constrained wp-container-core-group-is-layout-d89aad35 wp-block-group-is-layout-constrained\" style=\"margin-top:0;margin-bottom:0;padding-top:var(--wp--preset--spacing--50);padding-right:var(--wp--preset--spacing--50);padding-bottom:var(--wp--preset--spacing--50);padding-left:var(--wp--preset--spacing--50)\">\n<div class=\"wp-block-group alignwide has-global-padding is-layout-constrained wp-container-core-group-is-layout-19e250f3 wp-block-group-is-layout-constrained\">\n<div class=\"wp-block-group is-vertical is-content-justification-center is-layout-flex wp-container-core-group-is-layout-6329a8f3 wp-block-group-is-layout-flex\">\n<h2 class=\"wp-block-heading has-text-align-center is-style-default has-body-font-family\">NOS COMP\u00c9TENCES<\/h2>\n\n\n\n<p class=\"has-body-font-family\">L\u2019\u00e9lectricit\u00e9 est aussi indispensable que ses applications sont nombreuses.<br>Une installation \u00e9lectrique ne se r\u00e9sume pas \u00e0 la simple pose de prises ou de luminaires : elle requiert une <strong>expertise compl\u00e8te<\/strong> et une parfaite <strong>connaissance des sp\u00e9cificit\u00e9s de chaque environnement<\/strong> afin d\u2019assurer s\u00e9curit\u00e9, performance et durabilit\u00e9.<\/p>\n<\/div>\n\n\n\n<div style=\"height:var(--wp--preset--spacing--40)\" aria-hidden=\"true\" class=\"wp-block-spacer\"><\/div>\n\n\n\n<div class=\"wp-block-columns alignwide is-layout-flex wp-container-core-columns-is-layout-d1c656ed wp-block-columns-is-layout-flex\">\n<div class=\"wp-block-column is-vertically-aligned-center is-layout-flow wp-block-column-is-layout-flow\" style=\"flex-basis:40%\">\n<h3 class=\"wp-block-heading is-style-default has-body-font-family has-large-font-size\">COURANT FORT<\/h3>\n\n\n\n<p>Dans toutes les installations, le&nbsp;<strong>courant fort<\/strong>&nbsp;est celui en usage pour le chauffage, les chaudi\u00e8res \u00e9lectriques, les prises murales ainsi que la lumi\u00e8re. Il varie d\u2019une centaine de milliamp\u00e8res \u00e0 quelques kiloamp\u00e8res.<\/p>\n<\/div>\n\n\n\n<div class=\"wp-block-column is-layout-flow wp-block-column-is-layout-flow\" style=\"flex-basis:50%\">\n<figure class=\"wp-block-image size-large is-style-rounded is-style-rounded--2\"><img decoding=\"async\" width=\"1000\" height=\"667\" src=\"https:\/\/karimhafa.wordpress.com\/wp-content\/uploads\/2025\/05\/le-contacteur-jour-nuit.jpg?w=1000\" alt=\"\" class=\"wp-image-191\"\/><\/figure>\n<\/div>\n<\/div>\n\n\n\n<div style=\"height:var(--wp--preset--spacing--40)\" aria-hidden=\"true\" class=\"wp-block-spacer\"><\/div>\n\n\n\n<div class=\"wp-block-columns alignwide is-layout-flex wp-container-core-columns-is-layout-d1c656ed wp-block-columns-is-layout-flex\">\n<div class=\"wp-block-column is-layout-flow wp-block-column-is-layout-flow\" style=\"flex-basis:50%\">\n<figure class=\"wp-block-image size-large is-style-rounded is-style-rounded--3\"><img loading=\"lazy\" decoding=\"async\" width=\"800\" height=\"486\" src=\"https:\/\/karimhafa.wordpress.com\/wp-content\/uploads\/2025\/05\/courant-faible-installation-reseau-roncq.jpg?w=800\" alt=\"\" class=\"wp-image-190\"\/><\/figure>\n<\/div>\n\n\n\n<div class=\"wp-block-column is-vertically-aligned-center is-layout-flow wp-block-column-is-layout-flow\" style=\"flex-basis:40%\">\n<h3 class=\"wp-block-heading is-style-default has-body-font-family has-large-font-size\">COURANT FAIBLE<\/h3>\n\n\n\n<p>Oppos\u00e9 au courant fort, le&nbsp;<strong>courant faible<\/strong>&nbsp;d\u00e9signe l\u2019alimentation en informations de p\u00e9riph\u00e9riques \u00e9lectriques ou \u00e9lectroniques. Il est utilis\u00e9 pour les alarmes, les syst\u00e8mes de surveillance vid\u00e9o, la t\u00e9l\u00e9phonie et bien s\u00fbr, les lignes internet.<\/p>\n<\/div>\n<\/div>\n<\/div>\n<\/div>\n\n\n\n<div class=\"wp-block-group alignfull has-base-color has-contrast-background-color has-text-color has-background has-global-padding is-layout-constrained wp-container-core-group-is-layout-ef3d885c wp-block-group-is-layout-constrained\" style=\"margin-top:0;margin-bottom:0;padding-top:var(--wp--preset--spacing--60);padding-right:var(--wp--preset--spacing--60);padding-bottom:var(--wp--preset--spacing--60);padding-left:var(--wp--preset--spacing--60)\">\n<p class=\"has-text-align-left has-inter-font-family has-base-color has-text-color has-body-font-family has-medium-font-size\" style=\"line-height:1.9\"><em>Pour toute installation \u00e9lectrique \u2014 qu\u2019elle soit <strong>domestique, professionnelle ou collective<\/strong> \u2014 la <strong>s\u00e9curit\u00e9<\/strong> reste une priorit\u00e9 absolue.<br>Bas\u00e9e dans la r\u00e9gion de <strong>Bayeux et Caen<\/strong>, <strong>HAFANOR \u00c9lectricit\u00e9<\/strong> met \u00e0 la disposition de ses clients tout son <strong>savoir-faire<\/strong> et son <strong>expertise m\u00e9tier<\/strong> pour la <strong>r\u00e9alisation de travaux \u00e9lectriques fiables et conformes aux normes en vigueur<\/strong>.<\/em><\/p>\n<\/div>\n\n\n\n<div class=\"wp-block-group alignfull has-global-padding is-layout-constrained wp-container-core-group-is-layout-d89aad35 wp-block-group-is-layout-constrained\" style=\"margin-top:0;margin-bottom:0;padding-top:var(--wp--preset--spacing--50);padding-right:var(--wp--preset--spacing--50);padding-bottom:var(--wp--preset--spacing--50);padding-left:var(--wp--preset--spacing--50)\">\n<h2 class=\"wp-block-heading alignwide has-text-align-right has-body-font-family has-x-large-font-size\" id=\"Devis\" style=\"margin-top:0;margin-bottom:var(--wp--preset--spacing--40);line-height:1\">Demande de devis<\/h2>\n\n\n\n<div class=\"wp-block-group alignwide has-background has-small-font-size has-global-padding is-content-justification-right is-layout-constrained wp-container-core-group-is-layout-360ecb9e wp-block-group-is-layout-constrained\" style=\"background-color:#ffffff00\">\n<div class=\"wp-block-group has-small-font-size has-global-padding is-content-justification-right is-layout-constrained wp-container-core-group-is-layout-ae5cd60b wp-block-group-is-layout-constrained\" style=\"border-style:none;border-width:0px;min-height:0px;margin-top:0;margin-bottom:0;padding-top:0;padding-right:0;padding-bottom:0;padding-left:0;line-height:0.8\"><div class=\"wp-block-jetpack-contact-form\"><a href=\"https:\/\/hafanor-electricite.fr\/\" target=\"_blank\" rel=\"noopener noreferrer\">Soumettre un formulaire.<\/a><\/div><\/div>\n<\/div>\n<\/div>\n<\/main>\n","protected":false},"excerpt":{"rendered":"<p>Electricien dans le Bessin : optez pour l\u2019entreprise HAFANOR HAFANOR Electricit\u00e9 intervient pour tous vos travaux \u00e9lectriques sur Bayeux et sa r\u00e9gion. Une entreprise d\u2019\u00e9lectriciens professionnels \u00e0 votre service Besoin d\u2019une nouvelle&nbsp;installation \u00e9lectrique, d\u2019un raccordement, d\u2019une mise en conformit\u00e9 ou d\u2019un d\u00e9pannage \u00e0 domicile ? D\u00e9pannage HAFANOR \u00c9lectricit\u00e9 intervient rapidement pour tout d\u00e9pannage \u00e9lectrique, recherche [&hellip;]<\/p>\n","protected":false},"author":1,"featured_media":0,"parent":0,"menu_order":0,"comment_status":"closed","ping_status":"closed","template":"base-page","meta":{"footnotes":""},"class_list":["post-258","page","type-page","status-publish","hentry"],"jetpack_sharing_enabled":true,"_links":{"self":[{"href":"https:\/\/hafanor-electricite.fr\/index.php\/wp-json\/wp\/v2\/pages\/258","targetHints":{"allow":["GET"]}}],"collection":[{"href":"https:\/\/hafanor-electricite.fr\/index.php\/wp-json\/wp\/v2\/pages"}],"about":[{"href":"https:\/\/hafanor-electricite.fr\/index.php\/wp-json\/wp\/v2\/types\/page"}],"author":[{"embeddable":true,"href":"https:\/\/hafanor-electricite.fr\/index.php\/wp-json\/wp\/v2\/users\/1"}],"replies":[{"embeddable":true,"href":"https:\/\/hafanor-electricite.fr\/index.php\/wp-json\/wp\/v2\/comments?post=258"}],"version-history":[{"count":7,"href":"https:\/\/hafanor-electricite.fr\/index.php\/wp-json\/wp\/v2\/pages\/258\/revisions"}],"predecessor-version":[{"id":366,"href":"https:\/\/hafanor-electricite.fr\/index.php\/wp-json\/wp\/v2\/pages\/258\/revisions\/366"}],"wp:attachment":[{"href":"https:\/\/hafanor-electricite.fr\/index.php\/wp-json\/wp\/v2\/media?parent=258"}],"curies":[{"name":"wp","href":"https:\/\/api.w.org\/{rel}","templated":true}]}}